{"id":48,"date":"2025-04-03T09:48:26","date_gmt":"2025-04-03T09:48:26","guid":{"rendered":"https:\/\/www.gutmar.com\/?page_id=48"},"modified":"2025-04-14T12:38:10","modified_gmt":"2025-04-14T12:38:10","slug":"politica-de-cookies","status":"publish","type":"page","link":"https:\/\/www.gutmar.com\/en\/politica-de-cookies\/","title":{"rendered":"Cookie Policy"},"content":{"rendered":"<div data-elementor-type=\"wp-page\" data-elementor-id=\"48\" class=\"elementor elementor-48\" data-elementor-post-type=\"page\">\n\t\t\t\t<div class=\"elementor-element elementor-element-63008e9 e-flex e-con-boxed e-con e-parent\" data-id=\"63008e9\" data-element_type=\"container\" data-settings=\"{&quot;jet_parallax_layout_list&quot;:[]}\">\n\t\t\t\t\t<div class=\"e-con-inner\">\n\t\t\t\t<div class=\"elementor-element elementor-element-d38bddd elementor-widget elementor-widget-heading\" data-id=\"d38bddd\" data-element_type=\"widget\" data-widget_type=\"heading.default\">\n\t\t\t\t\t<h2 class=\"elementor-heading-title elementor-size-default\">Cookie Policy<\/h2>\t\t\t\t<\/div>\n\t\t\t\t<div class=\"elementor-element elementor-element-9a5cda5 elementor-widget elementor-widget-text-editor\" data-id=\"9a5cda5\" data-element_type=\"widget\" data-widget_type=\"text-editor.default\">\n\t\t\t\t\t\t\t\t\t<p>We inform you that, for the website to function properly, the browser uses some navigation data (&quot;cookies&quot;) to offer a more personalized service to website users. Cookies are small text files that the browser saves when you browse websites and applications. Information can be obtained from the IP address used by the computer to connect to the website, the URL of the requested website, the time of the connection, and other parameters related to the operating system of the user&#039;s computer environment. This information is only collected to identify the session and facilitate website analysis.<br \/><br \/>The user is informed that Google may transmit this information to third parties when required to do so by law, or when these third parties process the information on Google&#039;s behalf. Google will not associate the user&#039;s IP address with any other data held by Google, and therefore will do so completely anonymously.<\/p>\t\t\t\t\t\t\t\t<\/div>\n\t\t\t\t<div class=\"elementor-element elementor-element-e535375 elementor-widget elementor-widget-heading\" data-id=\"e535375\" data-element_type=\"widget\" data-widget_type=\"heading.default\">\n\t\t\t\t\t<h2 class=\"elementor-heading-title elementor-size-default\">Technical cookies<\/h2>\t\t\t\t<\/div>\n\t\t\t\t<div class=\"elementor-element elementor-element-cfe8916 elementor-widget elementor-widget-text-editor\" data-id=\"cfe8916\" data-element_type=\"widget\" data-widget_type=\"text-editor.default\">\n\t\t\t\t\t\t\t\t\t<p>These cookies allow the user to navigate through a website, platform, or application and use the different options or services available therein, such as controlling traffic and data communication, identifying the session, accessing restricted areas, remembering the elements that make up an order, completing the purchase process, requesting registration or participation in an event, using security features while browsing, storing content for the distribution of videos or audio, or sharing content through social networks.<\/p>\t\t\t\t\t\t\t\t<\/div>\n\t\t\t\t<div class=\"elementor-element elementor-element-cc872fc elementor-widget elementor-widget-heading\" data-id=\"cc872fc\" data-element_type=\"widget\" data-widget_type=\"heading.default\">\n\t\t\t\t\t<h2 class=\"elementor-heading-title elementor-size-default\">Personalization cookies<\/h2>\t\t\t\t<\/div>\n\t\t\t\t<div class=\"elementor-element elementor-element-e6f28fc elementor-widget elementor-widget-text-editor\" data-id=\"e6f28fc\" data-element_type=\"widget\" data-widget_type=\"text-editor.default\">\n\t\t\t\t\t\t\t\t\t<p>These are those that allow the user to access the service with some predefined general characteristics based on a series of criteria on the user&#039;s terminal, such as the language, the type of browser through which the service is accessed, the regional configuration from where the service is accessed, etc.<\/p>\t\t\t\t\t\t\t\t<\/div>\n\t\t\t\t<div class=\"elementor-element elementor-element-ec0c498 elementor-widget elementor-widget-heading\" data-id=\"ec0c498\" data-element_type=\"widget\" data-widget_type=\"heading.default\">\n\t\t\t\t\t<h2 class=\"elementor-heading-title elementor-size-default\">Analytical cookies<\/h2>\t\t\t\t<\/div>\n\t\t\t\t<div class=\"elementor-element elementor-element-53b186b elementor-widget elementor-widget-text-editor\" data-id=\"53b186b\" data-element_type=\"widget\" data-widget_type=\"text-editor.default\">\n\t\t\t\t\t\t\t\t\t<p>These cookies allow the website owner to monitor and analyze the behavior of users of the websites to which they are linked. The information collected through these types of cookies is used to measure the activity of websites, applications, or platforms and to create browsing profiles of users of said sites, applications, and platforms, in order to introduce improvements based on the analysis of data on the users&#039; use of the service.<\/p>\t\t\t\t\t\t\t\t<\/div>\n\t\t\t\t<div class=\"elementor-element elementor-element-bb0a640 elementor-widget elementor-widget-heading\" data-id=\"bb0a640\" data-element_type=\"widget\" data-widget_type=\"heading.default\">\n\t\t\t\t\t<h2 class=\"elementor-heading-title elementor-size-default\">Advertising cookies<\/h2>\t\t\t\t<\/div>\n\t\t\t\t<div class=\"elementor-element elementor-element-754b593 elementor-widget elementor-widget-text-editor\" data-id=\"754b593\" data-element_type=\"widget\" data-widget_type=\"text-editor.default\">\n\t\t\t\t\t\t\t\t\t<p>These are those that allow for the most efficient management possible of advertising spaces that, where applicable, the publisher has included on a website, application, or platform from which the requested service is provided, based on criteria such as the edited content or the frequency with which the ads are displayed.<\/p>\t\t\t\t\t\t\t\t<\/div>\n\t\t\t\t<div class=\"elementor-element elementor-element-336c89f elementor-widget elementor-widget-heading\" data-id=\"336c89f\" data-element_type=\"widget\" data-widget_type=\"heading.default\">\n\t\t\t\t\t<h2 class=\"elementor-heading-title elementor-size-default\">Behavioral advertising cookies<\/h2>\t\t\t\t<\/div>\n\t\t\t\t<div class=\"elementor-element elementor-element-e6c9094 elementor-widget elementor-widget-text-editor\" data-id=\"e6c9094\" data-element_type=\"widget\" data-widget_type=\"text-editor.default\">\n\t\t\t\t\t\t\t\t\t<p>These cookies allow for the most efficient management possible of advertising spaces that, where appropriate, the publisher has included on a website, application, or platform from which the requested service is provided. These cookies store information about user behavior obtained through continuous monitoring of their browsing habits, which allows for the development of a specific profile to display advertising based on that behavior.<\/p>\t\t\t\t\t\t\t\t<\/div>\n\t\t\t\t<div class=\"elementor-element elementor-element-c4c8362 elementor-widget elementor-widget-heading\" data-id=\"c4c8362\" data-element_type=\"widget\" data-widget_type=\"heading.default\">\n\t\t\t\t\t<h2 class=\"elementor-heading-title elementor-size-default\">How to modify cookie settings<\/h2>\t\t\t\t<\/div>\n\t\t\t\t<div class=\"elementor-element elementor-element-4bbfdad elementor-widget elementor-widget-text-editor\" data-id=\"4bbfdad\" data-element_type=\"widget\" data-widget_type=\"text-editor.default\">\n\t\t\t\t\t\t\t\t\t<p>You can restrict, block, or delete cookies from any website using your browser. The procedure varies depending on each browser; the Help function will show you how.<br \/>In addition, you can also manage the cookie storage in your browser through tools such as the following:<\/p><ul><li>Ghostery: <a href=\"https:\/\/www.ghostery.com\/\">www.ghostery.com\/<\/a>.<\/li><li>Your online choices: <a href=\"https:\/\/www.youronlinechoices.com\/es\/\">www.youronlinechoices.com\/es\/<\/a>.<\/li><\/ul><p><br \/>Users may prevent the use of this website&#039;s analytics cookies by using the opt-out system provided by Google Analytics. For example, the following browser extension: <a href=\"https:\/\/chrome.google.com\/webstore\/detail\/google-analytics-opt-out\/fllaojicojecljbmefodhfapmkghcbnh?hl=es\">https:\/\/chrome.google.com\/webstore\/detail\/google-analytics-opt-out\/fllaojicojecljbmefodhfapmkghcbnh?hl=es<\/a><\/p><p>\u00a0<\/p>\t\t\t\t\t\t\t\t<\/div>\n\t\t\t\t\t<\/div>\n\t\t\t\t<\/div>\n\t\t\t\t<\/div>","protected":false},"excerpt":{"rendered":"<p>Cookie Policy We inform you that, for the correct functioning of the website, the navigation system uses some browsing data (&quot;cookies&quot;) to offer a more personalized service to website users. Cookies are small text files that the browser saves when you browse websites and applications. [\u2026]<\/p>","protected":false},"author":1,"featured_media":0,"parent":0,"menu_order":0,"comment_status":"closed","ping_status":"closed","template":"","meta":{"footnotes":""},"class_list":["post-48","page","type-page","status-publish","hentry"],"yoast_head":"<!-- This site is optimized with the Yoast SEO plugin v24.8.1 - https:\/\/yoast.com\/wordpress\/plugins\/seo\/ -->\n<title>Pol\u00edtica de cookies - GUTMAR | Un socio de referencia en ingenier\u00eda y fabricaci\u00f3n mec\u00e1nica de alta precisi\u00f3n<\/title>\n<meta name=\"robots\" content=\"index, follow, max-snippet:-1, max-image-preview:large, max-video-preview:-1\" \/>\n<link rel=\"canonical\" href=\"https:\/\/www.gutmar.com\/en\/politica-de-cookies\/\" \/>\n<meta property=\"og:locale\" content=\"en_GB\" \/>\n<meta property=\"og:type\" content=\"article\" \/>\n<meta property=\"og:title\" content=\"Pol\u00edtica de cookies - GUTMAR | Un socio de referencia en ingenier\u00eda y fabricaci\u00f3n mec\u00e1nica de alta precisi\u00f3n\" \/>\n<meta property=\"og:description\" content=\"Pol\u00edtica de cookies Le informamos que, para un correcto funcionamiento de la web, el sistema de navegaci\u00f3n utiliza algunos datos de navegaci\u00f3n (\u201ccookies\u201d) para poder ofrecer un servicio m\u00e1s personalizado a los usuarios de la web. Las cookies son peque\u00f1os archivos de texto que el navegador guarda cuando se navega por p\u00e1ginas web y aplicaciones. [&hellip;]\" \/>\n<meta property=\"og:url\" content=\"https:\/\/www.gutmar.com\/en\/politica-de-cookies\/\" \/>\n<meta property=\"og:site_name\" content=\"GUTMAR | Un socio de referencia en ingenier\u00eda y fabricaci\u00f3n mec\u00e1nica de alta precisi\u00f3n\" \/>\n<meta property=\"article:modified_time\" content=\"2025-04-14T12:38:10+00:00\" \/>\n<meta name=\"twitter:card\" content=\"summary_large_image\" \/>\n<meta name=\"twitter:label1\" content=\"Estimated reading time\" \/>\n\t<meta name=\"twitter:data1\" content=\"3 minutes\" \/>\n<script type=\"application\/ld+json\" class=\"yoast-schema-graph\">{\"@context\":\"https:\/\/schema.org\",\"@graph\":[{\"@type\":\"WebPage\",\"@id\":\"https:\/\/www.gutmar.com\/politica-de-cookies\/\",\"url\":\"https:\/\/www.gutmar.com\/politica-de-cookies\/\",\"name\":\"Pol\u00edtica de cookies - GUTMAR | Un socio de referencia en ingenier\u00eda y fabricaci\u00f3n mec\u00e1nica de alta precisi\u00f3n\",\"isPartOf\":{\"@id\":\"https:\/\/www.gutmar.com\/#website\"},\"datePublished\":\"2025-04-03T09:48:26+00:00\",\"dateModified\":\"2025-04-14T12:38:10+00:00\",\"breadcrumb\":{\"@id\":\"https:\/\/www.gutmar.com\/politica-de-cookies\/#breadcrumb\"},\"inLanguage\":\"en-GB\",\"potentialAction\":[{\"@type\":\"ReadAction\",\"target\":[\"https:\/\/www.gutmar.com\/politica-de-cookies\/\"]}]},{\"@type\":\"BreadcrumbList\",\"@id\":\"https:\/\/www.gutmar.com\/politica-de-cookies\/#breadcrumb\",\"itemListElement\":[{\"@type\":\"ListItem\",\"position\":1,\"name\":\"Portada\",\"item\":\"https:\/\/www.gutmar.com\/\"},{\"@type\":\"ListItem\",\"position\":2,\"name\":\"Pol\u00edtica de cookies\"}]},{\"@type\":\"WebSite\",\"@id\":\"https:\/\/www.gutmar.com\/#website\",\"url\":\"https:\/\/www.gutmar.com\/\",\"name\":\"GUTMAR | Un socio de referencia en ingenier\u00eda y fabricaci\u00f3n mec\u00e1nica de alta precisi\u00f3n\",\"description\":\"Gutmar es una empresa especializada en ingenier\u00eda y fabricaci\u00f3n mec\u00e1nica de precisi\u00f3n para sectores de alto valor a\u00f1adido: aeron\u00e1utica, espacio, defensa y seguridad, y fusi\u00f3n nuclear, entre otros.\",\"publisher\":{\"@id\":\"https:\/\/www.gutmar.com\/#organization\"},\"potentialAction\":[{\"@type\":\"SearchAction\",\"target\":{\"@type\":\"EntryPoint\",\"urlTemplate\":\"https:\/\/www.gutmar.com\/?s={search_term_string}\"},\"query-input\":{\"@type\":\"PropertyValueSpecification\",\"valueRequired\":true,\"valueName\":\"search_term_string\"}}],\"inLanguage\":\"en-GB\"},{\"@type\":\"Organization\",\"@id\":\"https:\/\/www.gutmar.com\/#organization\",\"name\":\"GUTMAR | Un socio de referencia en ingenier\u00eda y fabricaci\u00f3n mec\u00e1nica de alta precisi\u00f3n\",\"url\":\"https:\/\/www.gutmar.com\/\",\"logo\":{\"@type\":\"ImageObject\",\"inLanguage\":\"en-GB\",\"@id\":\"https:\/\/www.gutmar.com\/#\/schema\/logo\/image\/\",\"url\":\"https:\/\/www.gutmar.com\/wp-content\/uploads\/2025\/03\/GUTMAR_Logotipo_Isotipo_azul.svg\",\"contentUrl\":\"https:\/\/www.gutmar.com\/wp-content\/uploads\/2025\/03\/GUTMAR_Logotipo_Isotipo_azul.svg\",\"width\":171.25,\"height\":58.23,\"caption\":\"GUTMAR | Un socio de referencia en ingenier\u00eda y fabricaci\u00f3n mec\u00e1nica de alta precisi\u00f3n\"},\"image\":{\"@id\":\"https:\/\/www.gutmar.com\/#\/schema\/logo\/image\/\"}}]}<\/script>\n<!-- \/ Yoast SEO plugin. -->","yoast_head_json":{"title":"Pol\u00edtica de cookies - GUTMAR | Un socio de referencia en ingenier\u00eda y fabricaci\u00f3n mec\u00e1nica de alta precisi\u00f3n","robots":{"index":"index","follow":"follow","max-snippet":"max-snippet:-1","max-image-preview":"max-image-preview:large","max-video-preview":"max-video-preview:-1"},"canonical":"https:\/\/www.gutmar.com\/en\/politica-de-cookies\/","og_locale":"en_GB","og_type":"article","og_title":"Pol\u00edtica de cookies - GUTMAR | Un socio de referencia en ingenier\u00eda y fabricaci\u00f3n mec\u00e1nica de alta precisi\u00f3n","og_description":"Pol\u00edtica de cookies Le informamos que, para un correcto funcionamiento de la web, el sistema de navegaci\u00f3n utiliza algunos datos de navegaci\u00f3n (\u201ccookies\u201d) para poder ofrecer un servicio m\u00e1s personalizado a los usuarios de la web. Las cookies son peque\u00f1os archivos de texto que el navegador guarda cuando se navega por p\u00e1ginas web y aplicaciones. [&hellip;]","og_url":"https:\/\/www.gutmar.com\/en\/politica-de-cookies\/","og_site_name":"GUTMAR | Un socio de referencia en ingenier\u00eda y fabricaci\u00f3n mec\u00e1nica de alta precisi\u00f3n","article_modified_time":"2025-04-14T12:38:10+00:00","twitter_card":"summary_large_image","twitter_misc":{"Estimated reading time":"3 minutes"},"schema":{"@context":"https:\/\/schema.org","@graph":[{"@type":"WebPage","@id":"https:\/\/www.gutmar.com\/politica-de-cookies\/","url":"https:\/\/www.gutmar.com\/politica-de-cookies\/","name":"Pol\u00edtica de cookies - GUTMAR | Un socio de referencia en ingenier\u00eda y fabricaci\u00f3n mec\u00e1nica de alta precisi\u00f3n","isPartOf":{"@id":"https:\/\/www.gutmar.com\/#website"},"datePublished":"2025-04-03T09:48:26+00:00","dateModified":"2025-04-14T12:38:10+00:00","breadcrumb":{"@id":"https:\/\/www.gutmar.com\/politica-de-cookies\/#breadcrumb"},"inLanguage":"en-GB","potentialAction":[{"@type":"ReadAction","target":["https:\/\/www.gutmar.com\/politica-de-cookies\/"]}]},{"@type":"BreadcrumbList","@id":"https:\/\/www.gutmar.com\/politica-de-cookies\/#breadcrumb","itemListElement":[{"@type":"ListItem","position":1,"name":"Portada","item":"https:\/\/www.gutmar.com\/"},{"@type":"ListItem","position":2,"name":"Pol\u00edtica de cookies"}]},{"@type":"WebSite","@id":"https:\/\/www.gutmar.com\/#website","url":"https:\/\/www.gutmar.com\/","name":"GUTMAR | Un socio de referencia en ingenier\u00eda y fabricaci\u00f3n mec\u00e1nica de alta precisi\u00f3n","description":"Gutmar es una empresa especializada en ingenier\u00eda y fabricaci\u00f3n mec\u00e1nica de precisi\u00f3n para sectores de alto valor a\u00f1adido: aeron\u00e1utica, espacio, defensa y seguridad, y fusi\u00f3n nuclear, entre otros.","publisher":{"@id":"https:\/\/www.gutmar.com\/#organization"},"potentialAction":[{"@type":"SearchAction","target":{"@type":"EntryPoint","urlTemplate":"https:\/\/www.gutmar.com\/?s={search_term_string}"},"query-input":{"@type":"PropertyValueSpecification","valueRequired":true,"valueName":"search_term_string"}}],"inLanguage":"en-GB"},{"@type":"Organization","@id":"https:\/\/www.gutmar.com\/#organization","name":"GUTMAR | Un socio de referencia en ingenier\u00eda y fabricaci\u00f3n mec\u00e1nica de alta precisi\u00f3n","url":"https:\/\/www.gutmar.com\/","logo":{"@type":"ImageObject","inLanguage":"en-GB","@id":"https:\/\/www.gutmar.com\/#\/schema\/logo\/image\/","url":"https:\/\/www.gutmar.com\/wp-content\/uploads\/2025\/03\/GUTMAR_Logotipo_Isotipo_azul.svg","contentUrl":"https:\/\/www.gutmar.com\/wp-content\/uploads\/2025\/03\/GUTMAR_Logotipo_Isotipo_azul.svg","width":171.25,"height":58.23,"caption":"GUTMAR | Un socio de referencia en ingenier\u00eda y fabricaci\u00f3n mec\u00e1nica de alta precisi\u00f3n"},"image":{"@id":"https:\/\/www.gutmar.com\/#\/schema\/logo\/image\/"}}]}},"_links":{"self":[{"href":"https:\/\/www.gutmar.com\/en\/wp-json\/wp\/v2\/pages\/48","targetHints":{"allow":["GET"]}}],"collection":[{"href":"https:\/\/www.gutmar.com\/en\/wp-json\/wp\/v2\/pages"}],"about":[{"href":"https:\/\/www.gutmar.com\/en\/wp-json\/wp\/v2\/types\/page"}],"author":[{"embeddable":true,"href":"https:\/\/www.gutmar.com\/en\/wp-json\/wp\/v2\/users\/1"}],"replies":[{"embeddable":true,"href":"https:\/\/www.gutmar.com\/en\/wp-json\/wp\/v2\/comments?post=48"}],"version-history":[{"count":7,"href":"https:\/\/www.gutmar.com\/en\/wp-json\/wp\/v2\/pages\/48\/revisions"}],"predecessor-version":[{"id":2196,"href":"https:\/\/www.gutmar.com\/en\/wp-json\/wp\/v2\/pages\/48\/revisions\/2196"}],"wp:attachment":[{"href":"https:\/\/www.gutmar.com\/en\/wp-json\/wp\/v2\/media?parent=48"}],"curies":[{"name":"wp","href":"https:\/\/api.w.org\/{rel}","templated":true}]}}