{"id":50,"date":"2025-04-03T09:49:22","date_gmt":"2025-04-03T09:49:22","guid":{"rendered":"https:\/\/www.gutmar.com\/?page_id=50"},"modified":"2025-04-14T12:45:50","modified_gmt":"2025-04-14T12:45:50","slug":"aviso-legal","status":"publish","type":"page","link":"https:\/\/www.gutmar.com\/ca\/aviso-legal\/","title":{"rendered":"Av\u00eds legal"},"content":{"rendered":"<div data-elementor-type=\"wp-page\" data-elementor-id=\"50\" class=\"elementor elementor-50\" data-elementor-post-type=\"page\">\n\t\t\t\t<div class=\"elementor-element elementor-element-72e05bb e-flex e-con-boxed e-con e-parent\" data-id=\"72e05bb\" data-element_type=\"container\" data-settings=\"{&quot;jet_parallax_layout_list&quot;:[]}\">\n\t\t\t\t\t<div class=\"e-con-inner\">\n\t\t\t\t<div class=\"elementor-element elementor-element-001d5a3 elementor-widget elementor-widget-heading\" data-id=\"001d5a3\" data-element_type=\"widget\" data-widget_type=\"heading.default\">\n\t\t\t\t\t<h2 class=\"elementor-heading-title elementor-size-default\">Av\u00eds legal<\/h2>\t\t\t\t<\/div>\n\t\t\t\t<div class=\"elementor-element elementor-element-3ceedb7 elementor-widget elementor-widget-heading\" data-id=\"3ceedb7\" data-element_type=\"widget\" data-widget_type=\"heading.default\">\n\t\t\t\t\t<h2 class=\"elementor-heading-title elementor-size-default\">Titularitat del lloc web<\/h2>\t\t\t\t<\/div>\n\t\t\t\t<div class=\"elementor-element elementor-element-835201e elementor-widget elementor-widget-text-editor\" data-id=\"835201e\" data-element_type=\"widget\" data-widget_type=\"text-editor.default\">\n\t\t\t\t\t\t\t\t\t<p>La titularitat del present lloc web correspon a GUTMAR, SA (d&#039;ara endavant, \u201cGUTMAR\u201d) amb domicili social situat a Avinguda de Cerdanyola, 97 \u2013 101, Pol\u00edgon Industrial Can Mag\u00ed, 08173 Sant Cugat del Vall\u00e8s (Barcelona). Les dades d&#039;identificaci\u00f3 fiscal i del Registre s\u00f3n:<\/p><ul><li>CIF: A08505760<\/li><li>Registre mercantil de Barcelona, full B-82627, tom 25086, foli 70<\/li><\/ul>\t\t\t\t\t\t\t\t<\/div>\n\t\t\t\t<div class=\"elementor-element elementor-element-fb159b7 elementor-widget elementor-widget-heading\" data-id=\"fb159b7\" data-element_type=\"widget\" data-widget_type=\"heading.default\">\n\t\t\t\t\t<h2 class=\"elementor-heading-title elementor-size-default\">Propietat intel\u00b7lectual i industrial<\/h2>\t\t\t\t<\/div>\n\t\t\t\t<div class=\"elementor-element elementor-element-1f85f49 elementor-widget elementor-widget-text-editor\" data-id=\"1f85f49\" data-element_type=\"widget\" data-widget_type=\"text-editor.default\">\n\t\t\t\t\t\t\t\t\t<p>GUTMAR \u00e9s la titular de tots els drets de propietat intel\u00b7lectual i industrial dels continguts de la seva p\u00e0gina web, aix\u00ed com de qualsevol imatge, so, \u00e0udio, v\u00eddeo, programari, textos, marques o logotips, etc. I estan protegits pels corresponents drets de propietat intel\u00b7lectual i industrial. Queden expressament prohibides la reproducci\u00f3, la comunicaci\u00f3 p\u00fablica i la distribuci\u00f3 de qualsevol contingut d&#039;aquesta p\u00e0gina web, amb finalitats comercials, en qualsevol suport i per qualsevol mitj\u00e0 t\u00e8cnic, sense l&#039;autoritzaci\u00f3 pr\u00e8via i expressa de GUTMAR. S\u00ed que s&#039;autoritza l&#039;\u00fas del contingut de la p\u00e0gina web com a \u00fas personal i privat. Qualsevol altre \u00fas haur\u00e0 de ser comunicat i autoritzat per GUTMAR pr\u00e8viament i expressament.<\/p>\t\t\t\t\t\t\t\t<\/div>\n\t\t\t\t<div class=\"elementor-element elementor-element-1e57c98 elementor-widget elementor-widget-heading\" data-id=\"1e57c98\" data-element_type=\"widget\" data-widget_type=\"heading.default\">\n\t\t\t\t\t<h2 class=\"elementor-heading-title elementor-size-default\">Informaci\u00f3 sobre cookies<\/h2>\t\t\t\t<\/div>\n\t\t\t\t<div class=\"elementor-element elementor-element-d6163e2 elementor-widget elementor-widget-text-editor\" data-id=\"d6163e2\" data-element_type=\"widget\" data-widget_type=\"text-editor.default\">\n\t\t\t\t\t\t\t\t\t<p>Podeu consultar la informaci\u00f3 sobre les cookies utilitzades en aquest Lloc Web a la <a href=\"https:\/\/www.gutmar.com\/ca\/politica-de-cookies\/\">Pol\u00edtica de Cookies<\/a>.<\/p>\t\t\t\t\t\t\t\t<\/div>\n\t\t\t\t<div class=\"elementor-element elementor-element-b95649b elementor-widget elementor-widget-heading\" data-id=\"b95649b\" data-element_type=\"widget\" data-widget_type=\"heading.default\">\n\t\t\t\t\t<h2 class=\"elementor-heading-title elementor-size-default\">Informaci\u00f3 sobre protecci\u00f3 de dades personals<\/h2>\t\t\t\t<\/div>\n\t\t\t\t<div class=\"elementor-element elementor-element-50d4967 elementor-widget elementor-widget-text-editor\" data-id=\"50d4967\" data-element_type=\"widget\" data-widget_type=\"text-editor.default\">\n\t\t\t\t\t\t\t\t\t<p>Podeu consultar la informaci\u00f3 detallada sobre el tractament de dades personals a la <a href=\"https:\/\/www.gutmar.com\/ca\/politica-de-privacidad\/\">Pol\u00edtica de Privadesa<\/a>.<\/p>\t\t\t\t\t\t\t\t<\/div>\n\t\t\t\t<div class=\"elementor-element elementor-element-bd1462e elementor-widget elementor-widget-heading\" data-id=\"bd1462e\" data-element_type=\"widget\" data-widget_type=\"heading.default\">\n\t\t\t\t\t<h2 class=\"elementor-heading-title elementor-size-default\">Acc\u00e9s a serveis<\/h2>\t\t\t\t<\/div>\n\t\t\t\t<div class=\"elementor-element elementor-element-9be313f elementor-widget elementor-widget-text-editor\" data-id=\"9be313f\" data-element_type=\"widget\" data-widget_type=\"text-editor.default\">\n\t\t\t\t\t\t\t\t\t<p>Per a la sol\u00b7licitud o registre en els serveis disponibles en aquest lloc web \u00e9s necessari en alguns casos emplenar formularis on es poden recollir dades personals, que seran necessaris per a la prestaci\u00f3 dels serveis sol\u00b7licitats. El tractament d&#039;aquestes dades personals es regir\u00e0 pel que indica la Pol\u00edtica de Privadesa aplicable a aquest Lloc Web.<br \/><br \/>Les dades facilitades per a l&#039;acc\u00e9s als serveis han de ser vertaderes, exactes, completes i actualitzades, i l&#039;usuari \u00e9s l&#039;\u00fanic responsable de qualsevol dany o perjudici, directe o indirecte, que pugui ocasionar a GUTMAR oa qualsevol tercer a causa de la falsedat, la inexactitud, la insufici\u00e8ncia o no actualitzaci\u00f3.<br \/><br \/>En cas que les dades proporcionades siguin inexactes o resultessin incomplets, aix\u00f2 podria ocasionar defici\u00e8ncies en la prestaci\u00f3 dels serveis sol\u00b7licitats o fins i tot la impossibilitat que aquestes siguin proporcionades.<br \/><br \/>En les condicions particulars de cada servei s&#039;ha d&#039;indicar el procediment que cal seguir per donar-se de baixa.<\/p>\t\t\t\t\t\t\t\t<\/div>\n\t\t\t\t<div class=\"elementor-element elementor-element-7d0a2b4 elementor-widget elementor-widget-heading\" data-id=\"7d0a2b4\" data-element_type=\"widget\" data-widget_type=\"heading.default\">\n\t\t\t\t\t<h2 class=\"elementor-heading-title elementor-size-default\">Responsabilitat<\/h2>\t\t\t\t<\/div>\n\t\t\t\t<div class=\"elementor-element elementor-element-ff21a87 elementor-widget elementor-widget-text-editor\" data-id=\"ff21a87\" data-element_type=\"widget\" data-widget_type=\"text-editor.default\">\n\t\t\t\t\t\t\t\t\t<p>GUTMAR no garanteix la inexist\u00e8ncia d&#039;errors en el contingut de la web, ni que aquest estigui actualitzat, encara que la seva intenci\u00f3 ser\u00e0 sempre evitar-los, solucionar-los o actualitzar-los.<br \/><br \/>GUTMAR no es fa responsable dels danys i perjudicis de qualsevol naturalesa que puguin causar-lo al sistema inform\u00e0tic de l&#039;usuari de la p\u00e0gina web, com a conseq\u00fc\u00e8ncia de la pres\u00e8ncia de virus o del mal funcionament del navegador.<\/p>\t\t\t\t\t\t\t\t<\/div>\n\t\t\t\t\t<\/div>\n\t\t\t\t<\/div>\n\t\t\t\t<\/div>","protected":false},"excerpt":{"rendered":"<p>Av\u00eds legal Titularitat del lloc web La titularitat del present lloc web correspon a GUTMAR, SA (d&#039;ara endavant, \u201cGUTMAR\u201d) amb domicili social situat a Avinguda de Cerdanyola, 97 \u2013 101, Pol\u00edgon Industrial Can Mag\u00ed, 08173 Sant Cugat del Vall\u00e8s (Barcelona). Les dades d&#039;identificaci\u00f3 fiscal i del registre s\u00f3n: CIF: A08505760 Registre mercantil de Barcelona, [\u2026]<\/p>","protected":false},"author":1,"featured_media":0,"parent":0,"menu_order":0,"comment_status":"closed","ping_status":"closed","template":"","meta":{"footnotes":""},"class_list":["post-50","page","type-page","status-publish","hentry"],"yoast_head":"<!-- This site is optimized with the Yoast SEO plugin v24.8.1 - https:\/\/yoast.com\/wordpress\/plugins\/seo\/ -->\n<title>Aviso legal - GUTMAR | Un socio de referencia en ingenier\u00eda y fabricaci\u00f3n mec\u00e1nica de alta precisi\u00f3n<\/title>\n<meta name=\"robots\" content=\"index, follow, max-snippet:-1, max-image-preview:large, max-video-preview:-1\" \/>\n<link rel=\"canonical\" href=\"https:\/\/www.gutmar.com\/ca\/aviso-legal\/\" \/>\n<meta property=\"og:locale\" content=\"ca_ES\" \/>\n<meta property=\"og:type\" content=\"article\" \/>\n<meta property=\"og:title\" content=\"Aviso legal - GUTMAR | Un socio de referencia en ingenier\u00eda y fabricaci\u00f3n mec\u00e1nica de alta precisi\u00f3n\" \/>\n<meta property=\"og:description\" content=\"Aviso legal Titularidad del sitio web La titularidad del presente sitio web corresponde a GUTMAR, S.A. (en adelante, \u201cGUTMAR\u201d) con domicilio social sito en Avinguda de Cerdanyola, 97 &#8211; 101, Pol\u00edgono Industrial Can Mag\u00ed, 08173 Sant Cugat del Vall\u00e9s (Barcelona). Los datos de identificaci\u00f3n fiscal y del Registro son: CIF: A08505760 Registro mercantil de Barcelona, [&hellip;]\" \/>\n<meta property=\"og:url\" content=\"https:\/\/www.gutmar.com\/ca\/aviso-legal\/\" \/>\n<meta property=\"og:site_name\" content=\"GUTMAR | Un socio de referencia en ingenier\u00eda y fabricaci\u00f3n mec\u00e1nica de alta precisi\u00f3n\" \/>\n<meta property=\"article:modified_time\" content=\"2025-04-14T12:45:50+00:00\" \/>\n<meta name=\"twitter:card\" content=\"summary_large_image\" \/>\n<meta name=\"twitter:label1\" content=\"Temps estimat de lectura\" \/>\n\t<meta name=\"twitter:data1\" content=\"3 minuts\" \/>\n<script type=\"application\/ld+json\" class=\"yoast-schema-graph\">{\"@context\":\"https:\/\/schema.org\",\"@graph\":[{\"@type\":\"WebPage\",\"@id\":\"https:\/\/www.gutmar.com\/aviso-legal\/\",\"url\":\"https:\/\/www.gutmar.com\/aviso-legal\/\",\"name\":\"Aviso legal - GUTMAR | Un socio de referencia en ingenier\u00eda y fabricaci\u00f3n mec\u00e1nica de alta precisi\u00f3n\",\"isPartOf\":{\"@id\":\"https:\/\/www.gutmar.com\/#website\"},\"datePublished\":\"2025-04-03T09:49:22+00:00\",\"dateModified\":\"2025-04-14T12:45:50+00:00\",\"breadcrumb\":{\"@id\":\"https:\/\/www.gutmar.com\/aviso-legal\/#breadcrumb\"},\"inLanguage\":\"ca\",\"potentialAction\":[{\"@type\":\"ReadAction\",\"target\":[\"https:\/\/www.gutmar.com\/aviso-legal\/\"]}]},{\"@type\":\"BreadcrumbList\",\"@id\":\"https:\/\/www.gutmar.com\/aviso-legal\/#breadcrumb\",\"itemListElement\":[{\"@type\":\"ListItem\",\"position\":1,\"name\":\"Portada\",\"item\":\"https:\/\/www.gutmar.com\/\"},{\"@type\":\"ListItem\",\"position\":2,\"name\":\"Aviso legal\"}]},{\"@type\":\"WebSite\",\"@id\":\"https:\/\/www.gutmar.com\/#website\",\"url\":\"https:\/\/www.gutmar.com\/\",\"name\":\"GUTMAR | Un socio de referencia en ingenier\u00eda y fabricaci\u00f3n mec\u00e1nica de alta precisi\u00f3n\",\"description\":\"Gutmar es una empresa especializada en ingenier\u00eda y fabricaci\u00f3n mec\u00e1nica de precisi\u00f3n para sectores de alto valor a\u00f1adido: aeron\u00e1utica, espacio, defensa y seguridad, y fusi\u00f3n nuclear, entre otros.\",\"publisher\":{\"@id\":\"https:\/\/www.gutmar.com\/#organization\"},\"potentialAction\":[{\"@type\":\"SearchAction\",\"target\":{\"@type\":\"EntryPoint\",\"urlTemplate\":\"https:\/\/www.gutmar.com\/?s={search_term_string}\"},\"query-input\":{\"@type\":\"PropertyValueSpecification\",\"valueRequired\":true,\"valueName\":\"search_term_string\"}}],\"inLanguage\":\"ca\"},{\"@type\":\"Organization\",\"@id\":\"https:\/\/www.gutmar.com\/#organization\",\"name\":\"GUTMAR | Un socio de referencia en ingenier\u00eda y fabricaci\u00f3n mec\u00e1nica de alta precisi\u00f3n\",\"url\":\"https:\/\/www.gutmar.com\/\",\"logo\":{\"@type\":\"ImageObject\",\"inLanguage\":\"ca\",\"@id\":\"https:\/\/www.gutmar.com\/#\/schema\/logo\/image\/\",\"url\":\"https:\/\/www.gutmar.com\/wp-content\/uploads\/2025\/03\/GUTMAR_Logotipo_Isotipo_azul.svg\",\"contentUrl\":\"https:\/\/www.gutmar.com\/wp-content\/uploads\/2025\/03\/GUTMAR_Logotipo_Isotipo_azul.svg\",\"width\":171.25,\"height\":58.23,\"caption\":\"GUTMAR | Un socio de referencia en ingenier\u00eda y fabricaci\u00f3n mec\u00e1nica de alta precisi\u00f3n\"},\"image\":{\"@id\":\"https:\/\/www.gutmar.com\/#\/schema\/logo\/image\/\"}}]}<\/script>\n<!-- \/ Yoast SEO plugin. -->","yoast_head_json":{"title":"Aviso legal - GUTMAR | Un socio de referencia en ingenier\u00eda y fabricaci\u00f3n mec\u00e1nica de alta precisi\u00f3n","robots":{"index":"index","follow":"follow","max-snippet":"max-snippet:-1","max-image-preview":"max-image-preview:large","max-video-preview":"max-video-preview:-1"},"canonical":"https:\/\/www.gutmar.com\/ca\/aviso-legal\/","og_locale":"ca_ES","og_type":"article","og_title":"Aviso legal - GUTMAR | Un socio de referencia en ingenier\u00eda y fabricaci\u00f3n mec\u00e1nica de alta precisi\u00f3n","og_description":"Aviso legal Titularidad del sitio web La titularidad del presente sitio web corresponde a GUTMAR, S.A. (en adelante, \u201cGUTMAR\u201d) con domicilio social sito en Avinguda de Cerdanyola, 97 &#8211; 101, Pol\u00edgono Industrial Can Mag\u00ed, 08173 Sant Cugat del Vall\u00e9s (Barcelona). Los datos de identificaci\u00f3n fiscal y del Registro son: CIF: A08505760 Registro mercantil de Barcelona, [&hellip;]","og_url":"https:\/\/www.gutmar.com\/ca\/aviso-legal\/","og_site_name":"GUTMAR | Un socio de referencia en ingenier\u00eda y fabricaci\u00f3n mec\u00e1nica de alta precisi\u00f3n","article_modified_time":"2025-04-14T12:45:50+00:00","twitter_card":"summary_large_image","twitter_misc":{"Temps estimat de lectura":"3 minuts"},"schema":{"@context":"https:\/\/schema.org","@graph":[{"@type":"WebPage","@id":"https:\/\/www.gutmar.com\/aviso-legal\/","url":"https:\/\/www.gutmar.com\/aviso-legal\/","name":"Aviso legal - GUTMAR | Un socio de referencia en ingenier\u00eda y fabricaci\u00f3n mec\u00e1nica de alta precisi\u00f3n","isPartOf":{"@id":"https:\/\/www.gutmar.com\/#website"},"datePublished":"2025-04-03T09:49:22+00:00","dateModified":"2025-04-14T12:45:50+00:00","breadcrumb":{"@id":"https:\/\/www.gutmar.com\/aviso-legal\/#breadcrumb"},"inLanguage":"ca","potentialAction":[{"@type":"ReadAction","target":["https:\/\/www.gutmar.com\/aviso-legal\/"]}]},{"@type":"BreadcrumbList","@id":"https:\/\/www.gutmar.com\/aviso-legal\/#breadcrumb","itemListElement":[{"@type":"ListItem","position":1,"name":"Portada","item":"https:\/\/www.gutmar.com\/"},{"@type":"ListItem","position":2,"name":"Aviso legal"}]},{"@type":"WebSite","@id":"https:\/\/www.gutmar.com\/#website","url":"https:\/\/www.gutmar.com\/","name":"GUTMAR | Un socio de referencia en ingenier\u00eda y fabricaci\u00f3n mec\u00e1nica de alta precisi\u00f3n","description":"Gutmar es una empresa especializada en ingenier\u00eda y fabricaci\u00f3n mec\u00e1nica de precisi\u00f3n para sectores de alto valor a\u00f1adido: aeron\u00e1utica, espacio, defensa y seguridad, y fusi\u00f3n nuclear, entre otros.","publisher":{"@id":"https:\/\/www.gutmar.com\/#organization"},"potentialAction":[{"@type":"SearchAction","target":{"@type":"EntryPoint","urlTemplate":"https:\/\/www.gutmar.com\/?s={search_term_string}"},"query-input":{"@type":"PropertyValueSpecification","valueRequired":true,"valueName":"search_term_string"}}],"inLanguage":"ca"},{"@type":"Organization","@id":"https:\/\/www.gutmar.com\/#organization","name":"GUTMAR | Un socio de referencia en ingenier\u00eda y fabricaci\u00f3n mec\u00e1nica de alta precisi\u00f3n","url":"https:\/\/www.gutmar.com\/","logo":{"@type":"ImageObject","inLanguage":"ca","@id":"https:\/\/www.gutmar.com\/#\/schema\/logo\/image\/","url":"https:\/\/www.gutmar.com\/wp-content\/uploads\/2025\/03\/GUTMAR_Logotipo_Isotipo_azul.svg","contentUrl":"https:\/\/www.gutmar.com\/wp-content\/uploads\/2025\/03\/GUTMAR_Logotipo_Isotipo_azul.svg","width":171.25,"height":58.23,"caption":"GUTMAR | Un socio de referencia en ingenier\u00eda y fabricaci\u00f3n mec\u00e1nica de alta precisi\u00f3n"},"image":{"@id":"https:\/\/www.gutmar.com\/#\/schema\/logo\/image\/"}}]}},"_links":{"self":[{"href":"https:\/\/www.gutmar.com\/ca\/wp-json\/wp\/v2\/pages\/50","targetHints":{"allow":["GET"]}}],"collection":[{"href":"https:\/\/www.gutmar.com\/ca\/wp-json\/wp\/v2\/pages"}],"about":[{"href":"https:\/\/www.gutmar.com\/ca\/wp-json\/wp\/v2\/types\/page"}],"author":[{"embeddable":true,"href":"https:\/\/www.gutmar.com\/ca\/wp-json\/wp\/v2\/users\/1"}],"replies":[{"embeddable":true,"href":"https:\/\/www.gutmar.com\/ca\/wp-json\/wp\/v2\/comments?post=50"}],"version-history":[{"count":16,"href":"https:\/\/www.gutmar.com\/ca\/wp-json\/wp\/v2\/pages\/50\/revisions"}],"predecessor-version":[{"id":2204,"href":"https:\/\/www.gutmar.com\/ca\/wp-json\/wp\/v2\/pages\/50\/revisions\/2204"}],"wp:attachment":[{"href":"https:\/\/www.gutmar.com\/ca\/wp-json\/wp\/v2\/media?parent=50"}],"curies":[{"name":"wp","href":"https:\/\/api.w.org\/{rel}","templated":true}]}}