{"id":48,"date":"2025-04-03T09:48:26","date_gmt":"2025-04-03T09:48:26","guid":{"rendered":"https:\/\/www.gutmar.com\/?page_id=48"},"modified":"2025-04-14T12:38:10","modified_gmt":"2025-04-14T12:38:10","slug":"politica-de-cookies","status":"publish","type":"page","link":"https:\/\/www.gutmar.com\/ca\/politica-de-cookies\/","title":{"rendered":"Pol\u00edtica de cookies"},"content":{"rendered":"<div data-elementor-type=\"wp-page\" data-elementor-id=\"48\" class=\"elementor elementor-48\" data-elementor-post-type=\"page\">\n\t\t\t\t<div class=\"elementor-element elementor-element-63008e9 e-flex e-con-boxed e-con e-parent\" data-id=\"63008e9\" data-element_type=\"container\" data-settings=\"{&quot;jet_parallax_layout_list&quot;:[]}\">\n\t\t\t\t\t<div class=\"e-con-inner\">\n\t\t\t\t<div class=\"elementor-element elementor-element-d38bddd elementor-widget elementor-widget-heading\" data-id=\"d38bddd\" data-element_type=\"widget\" data-widget_type=\"heading.default\">\n\t\t\t\t\t<h2 class=\"elementor-heading-title elementor-size-default\">Pol\u00edtica de cookies<\/h2>\t\t\t\t<\/div>\n\t\t\t\t<div class=\"elementor-element elementor-element-9a5cda5 elementor-widget elementor-widget-text-editor\" data-id=\"9a5cda5\" data-element_type=\"widget\" data-widget_type=\"text-editor.default\">\n\t\t\t\t\t\t\t\t\t<p>Us informem que, per a un correcte funcionament de la web, el sistema de navegaci\u00f3 utilitza algunes dades de navegaci\u00f3 (\u201ccookies\u201d) per poder oferir un servei m\u00e9s personalitzat als usuaris de la web. Les cookies s\u00f3n petits fitxers de text que el navegador guarda quan es navega per p\u00e0gines web i aplicacions. Podeu obtenir la informaci\u00f3 de l&#039;adre\u00e7a IP que utilitza l&#039;ordinador per connectar-vos a la p\u00e0gina web, l&#039;adre\u00e7a URL de la p\u00e0gina web sol\u00b7licitada, l&#039;hora de connexi\u00f3 i altres par\u00e0metres relatius al sistema operatiu de l&#039;entorn inform\u00e0tic de l&#039;usuari. Aquesta informaci\u00f3 nom\u00e9s es recull per identificar la sessi\u00f3 amb l&#039;objectiu de facilitar l&#039;an\u00e0lisi de la p\u00e0gina web.<br \/><br \/>S&#039;informa a l&#039;usuari que Google podr\u00e0 transmetre aquesta informaci\u00f3 a tercers quan aix\u00ed ho requereixi la llei o quan aquests tercers processin la informaci\u00f3 per compte de Google. Google no associar\u00e0 l&#039;adre\u00e7a IP de l&#039;usuari amb una altra dada de qu\u00e8 disposin i per tant ho faran totalment de manera an\u00f2nima.<\/p>\t\t\t\t\t\t\t\t<\/div>\n\t\t\t\t<div class=\"elementor-element elementor-element-e535375 elementor-widget elementor-widget-heading\" data-id=\"e535375\" data-element_type=\"widget\" data-widget_type=\"heading.default\">\n\t\t\t\t\t<h2 class=\"elementor-heading-title elementor-size-default\">Galetes t\u00e8cniques<\/h2>\t\t\t\t<\/div>\n\t\t\t\t<div class=\"elementor-element elementor-element-cfe8916 elementor-widget elementor-widget-text-editor\" data-id=\"cfe8916\" data-element_type=\"widget\" data-widget_type=\"text-editor.default\">\n\t\t\t\t\t\t\t\t\t<p>S\u00f3n aquelles que permeten a l&#039;usuari la navegaci\u00f3 a trav\u00e9s d&#039;una p\u00e0gina web, plataforma o aplicaci\u00f3 i la utilitzaci\u00f3 de les diferents opcions o serveis que hi hagi com, per exemple, controlar el tr\u00e0nsit i la comunicaci\u00f3 de dades, identificar la sessi\u00f3, accedir a parts d&#039;acc\u00e9s restringit, recordar els elements que integren una comanda, fer el proc\u00e9s de compra d&#039;una comanda, fer la sol\u00b7licitud d&#039;inscripci\u00f3 o participaci\u00f3 en un esdeveniment. o so o compartir continguts a trav\u00e9s de xarxes socials.<\/p>\t\t\t\t\t\t\t\t<\/div>\n\t\t\t\t<div class=\"elementor-element elementor-element-cc872fc elementor-widget elementor-widget-heading\" data-id=\"cc872fc\" data-element_type=\"widget\" data-widget_type=\"heading.default\">\n\t\t\t\t\t<h2 class=\"elementor-heading-title elementor-size-default\">Cookies de personalitzaci\u00f3<\/h2>\t\t\t\t<\/div>\n\t\t\t\t<div class=\"elementor-element elementor-element-e6f28fc elementor-widget elementor-widget-text-editor\" data-id=\"e6f28fc\" data-element_type=\"widget\" data-widget_type=\"text-editor.default\">\n\t\t\t\t\t\t\t\t\t<p>S\u00f3n aquelles que permeten a l&#039;usuari accedir al servei amb algunes caracter\u00edstiques de car\u00e0cter general predefinides en funci\u00f3 d&#039;una s\u00e8rie de criteris al terminal de l&#039;usuari com ara serien l&#039;idioma, el tipus de navegador a trav\u00e9s del qual accedeix al servei, la configuraci\u00f3 regional des d&#039;on accedeix al servei, etc.<\/p>\t\t\t\t\t\t\t\t<\/div>\n\t\t\t\t<div class=\"elementor-element elementor-element-ec0c498 elementor-widget elementor-widget-heading\" data-id=\"ec0c498\" data-element_type=\"widget\" data-widget_type=\"heading.default\">\n\t\t\t\t\t<h2 class=\"elementor-heading-title elementor-size-default\">Galetes d&#039;an\u00e0lisi<\/h2>\t\t\t\t<\/div>\n\t\t\t\t<div class=\"elementor-element elementor-element-53b186b elementor-widget elementor-widget-text-editor\" data-id=\"53b186b\" data-element_type=\"widget\" data-widget_type=\"text-editor.default\">\n\t\t\t\t\t\t\t\t\t<p>S\u00f3n aquelles que permeten al responsable de les mateixes, el seguiment i an\u00e0lisi del comportament dels usuaris dels llocs web a qu\u00e8 estan vinculades. La informaci\u00f3 recollida mitjan\u00e7ant aquest tipus de cookies s&#039;utilitza en el mesurament de l&#039;activitat dels llocs web, l&#039;aplicaci\u00f3 o la plataforma i per a l&#039;elaboraci\u00f3 de perfils de navegaci\u00f3 dels usuaris d&#039;aquests llocs, aplicacions i plataformes, per introduir millores en funci\u00f3 de l&#039;an\u00e0lisi de les dades d&#039;\u00fas que fan els usuaris del servei.<\/p>\t\t\t\t\t\t\t\t<\/div>\n\t\t\t\t<div class=\"elementor-element elementor-element-bb0a640 elementor-widget elementor-widget-heading\" data-id=\"bb0a640\" data-element_type=\"widget\" data-widget_type=\"heading.default\">\n\t\t\t\t\t<h2 class=\"elementor-heading-title elementor-size-default\">Galetes publicit\u00e0ries<\/h2>\t\t\t\t<\/div>\n\t\t\t\t<div class=\"elementor-element elementor-element-754b593 elementor-widget elementor-widget-text-editor\" data-id=\"754b593\" data-element_type=\"widget\" data-widget_type=\"text-editor.default\">\n\t\t\t\t\t\t\t\t\t<p>S\u00f3n aquelles que permeten la gesti\u00f3, de la manera m\u00e9s efica\u00e7 possible, dels espais publicitaris que, si escau, l&#039;editor hagi incl\u00f2s en una p\u00e0gina web, aplicaci\u00f3 o plataforma des de la qual presta el servei sol\u00b7licitat segons criteris com el contingut editat o la freq\u00fc\u00e8ncia en qu\u00e8 es mostren els anuncis.<\/p>\t\t\t\t\t\t\t\t<\/div>\n\t\t\t\t<div class=\"elementor-element elementor-element-336c89f elementor-widget elementor-widget-heading\" data-id=\"336c89f\" data-element_type=\"widget\" data-widget_type=\"heading.default\">\n\t\t\t\t\t<h2 class=\"elementor-heading-title elementor-size-default\">Cookies de publicitat comportamental<\/h2>\t\t\t\t<\/div>\n\t\t\t\t<div class=\"elementor-element elementor-element-e6c9094 elementor-widget elementor-widget-text-editor\" data-id=\"e6c9094\" data-element_type=\"widget\" data-widget_type=\"text-editor.default\">\n\t\t\t\t\t\t\t\t\t<p>S\u00f3n aquelles que permeten la gesti\u00f3, de la manera m\u00e9s efica\u00e7 possible, dels espais publicitaris que, si escau, l&#039;editor hagi incl\u00f2s en una p\u00e0gina web, aplicaci\u00f3 o plataforma des de la qual presta el servei sol\u00b7licitat. Aquestes cookies emmagatzemen informaci\u00f3 del comportament dels usuaris obtinguda a trav\u00e9s de l&#039;observaci\u00f3 continuada dels seus h\u00e0bits de navegaci\u00f3, cosa que permet desenvolupar un perfil espec\u00edfic per mostrar publicitat en funci\u00f3 del mateix.<\/p>\t\t\t\t\t\t\t\t<\/div>\n\t\t\t\t<div class=\"elementor-element elementor-element-c4c8362 elementor-widget elementor-widget-heading\" data-id=\"c4c8362\" data-element_type=\"widget\" data-widget_type=\"heading.default\">\n\t\t\t\t\t<h2 class=\"elementor-heading-title elementor-size-default\">Com modificar la configuraci\u00f3 de les cookies<\/h2>\t\t\t\t<\/div>\n\t\t\t\t<div class=\"elementor-element elementor-element-4bbfdad elementor-widget elementor-widget-text-editor\" data-id=\"4bbfdad\" data-element_type=\"widget\" data-widget_type=\"text-editor.default\">\n\t\t\t\t\t\t\t\t\t<p>Vost\u00e8 pot restringir, bloquejar o esborrar les cookies de qualsevol p\u00e0gina web, utilitzant el vostre navegador A cada navegador l&#039;operativa \u00e9s diferent, la funci\u00f3 d&#039;&#039;Ajuda us mostrar\u00e0 com fer-ho.<br \/>A m\u00e9s, tamb\u00e9 podeu gestionar el magatzem de cookies al vostre navegador a trav\u00e9s d&#039;eines com les seg\u00fcents:<\/p><ul><li>Ghostery: <a href=\"https:\/\/www.ghostery.com\/\">www.ghostery.com\/<\/a>.<\/li><li>Your online choices: <a href=\"https:\/\/www.youronlinechoices.com\/es\/\">www.youronlinechoices.com\/es\/<\/a>.<\/li><\/ul><p><br \/>La persona usu\u00e0ria podr\u00e0 impedir la galeta dan\u00e0lisi daquest espai web mitjan\u00e7ant els sistemes dexclusi\u00f3 facilitats per Google Analytics. Per exemple, la seg\u00fcent extensi\u00f3 de navegador: <a href=\"https:\/\/chrome.google.com\/webstore\/detail\/google-analytics-opt-out\/fllaojicojecljbmefodhfapmkghcbnh?hl=es\">https:\/\/chrome.google.com\/webstore\/detail\/google-analytics-opt-out\/fllaojicojecljbmefodhfapmkghcbnh?hl=es<\/a><\/p><p>\u00a0<\/p>\t\t\t\t\t\t\t\t<\/div>\n\t\t\t\t\t<\/div>\n\t\t\t\t<\/div>\n\t\t\t\t<\/div>","protected":false},"excerpt":{"rendered":"<p>Pol\u00edtica de cookies Le informamos que, para un correcto funcionamiento de la web, el sistema de navegaci\u00f3n utiliza algunos datos de navegaci\u00f3n (\u201ccookies\u201d) para poder ofrecer un servicio m\u00e1s personalizado a los usuarios de la web. Las cookies son peque\u00f1os archivos de texto que el navegador guarda cuando se navega por p\u00e1ginas web y aplicaciones. [&hellip;]<\/p>","protected":false},"author":1,"featured_media":0,"parent":0,"menu_order":0,"comment_status":"closed","ping_status":"closed","template":"","meta":{"footnotes":""},"class_list":["post-48","page","type-page","status-publish","hentry"],"yoast_head":"<!-- This site is optimized with the Yoast SEO plugin v24.8.1 - https:\/\/yoast.com\/wordpress\/plugins\/seo\/ -->\n<title>Pol\u00edtica de cookies - GUTMAR | Un socio de referencia en ingenier\u00eda y fabricaci\u00f3n mec\u00e1nica de alta precisi\u00f3n<\/title>\n<meta name=\"robots\" content=\"index, follow, max-snippet:-1, max-image-preview:large, max-video-preview:-1\" \/>\n<link rel=\"canonical\" href=\"https:\/\/www.gutmar.com\/ca\/politica-de-cookies\/\" \/>\n<meta property=\"og:locale\" content=\"ca_ES\" \/>\n<meta property=\"og:type\" content=\"article\" \/>\n<meta property=\"og:title\" content=\"Pol\u00edtica de cookies - GUTMAR | Un socio de referencia en ingenier\u00eda y fabricaci\u00f3n mec\u00e1nica de alta precisi\u00f3n\" \/>\n<meta property=\"og:description\" content=\"Pol\u00edtica de cookies Le informamos que, para un correcto funcionamiento de la web, el sistema de navegaci\u00f3n utiliza algunos datos de navegaci\u00f3n (\u201ccookies\u201d) para poder ofrecer un servicio m\u00e1s personalizado a los usuarios de la web. Las cookies son peque\u00f1os archivos de texto que el navegador guarda cuando se navega por p\u00e1ginas web y aplicaciones. [&hellip;]\" \/>\n<meta property=\"og:url\" content=\"https:\/\/www.gutmar.com\/ca\/politica-de-cookies\/\" \/>\n<meta property=\"og:site_name\" content=\"GUTMAR | Un socio de referencia en ingenier\u00eda y fabricaci\u00f3n mec\u00e1nica de alta precisi\u00f3n\" \/>\n<meta property=\"article:modified_time\" content=\"2025-04-14T12:38:10+00:00\" \/>\n<meta name=\"twitter:card\" content=\"summary_large_image\" \/>\n<meta name=\"twitter:label1\" content=\"Temps estimat de lectura\" \/>\n\t<meta name=\"twitter:data1\" content=\"3 minuts\" \/>\n<script type=\"application\/ld+json\" class=\"yoast-schema-graph\">{\"@context\":\"https:\/\/schema.org\",\"@graph\":[{\"@type\":\"WebPage\",\"@id\":\"https:\/\/www.gutmar.com\/politica-de-cookies\/\",\"url\":\"https:\/\/www.gutmar.com\/politica-de-cookies\/\",\"name\":\"Pol\u00edtica de cookies - GUTMAR | Un socio de referencia en ingenier\u00eda y fabricaci\u00f3n mec\u00e1nica de alta precisi\u00f3n\",\"isPartOf\":{\"@id\":\"https:\/\/www.gutmar.com\/#website\"},\"datePublished\":\"2025-04-03T09:48:26+00:00\",\"dateModified\":\"2025-04-14T12:38:10+00:00\",\"breadcrumb\":{\"@id\":\"https:\/\/www.gutmar.com\/politica-de-cookies\/#breadcrumb\"},\"inLanguage\":\"ca\",\"potentialAction\":[{\"@type\":\"ReadAction\",\"target\":[\"https:\/\/www.gutmar.com\/politica-de-cookies\/\"]}]},{\"@type\":\"BreadcrumbList\",\"@id\":\"https:\/\/www.gutmar.com\/politica-de-cookies\/#breadcrumb\",\"itemListElement\":[{\"@type\":\"ListItem\",\"position\":1,\"name\":\"Portada\",\"item\":\"https:\/\/www.gutmar.com\/\"},{\"@type\":\"ListItem\",\"position\":2,\"name\":\"Pol\u00edtica de cookies\"}]},{\"@type\":\"WebSite\",\"@id\":\"https:\/\/www.gutmar.com\/#website\",\"url\":\"https:\/\/www.gutmar.com\/\",\"name\":\"GUTMAR | Un socio de referencia en ingenier\u00eda y fabricaci\u00f3n mec\u00e1nica de alta precisi\u00f3n\",\"description\":\"Gutmar es una empresa especializada en ingenier\u00eda y fabricaci\u00f3n mec\u00e1nica de precisi\u00f3n para sectores de alto valor a\u00f1adido: aeron\u00e1utica, espacio, defensa y seguridad, y fusi\u00f3n nuclear, entre otros.\",\"publisher\":{\"@id\":\"https:\/\/www.gutmar.com\/#organization\"},\"potentialAction\":[{\"@type\":\"SearchAction\",\"target\":{\"@type\":\"EntryPoint\",\"urlTemplate\":\"https:\/\/www.gutmar.com\/?s={search_term_string}\"},\"query-input\":{\"@type\":\"PropertyValueSpecification\",\"valueRequired\":true,\"valueName\":\"search_term_string\"}}],\"inLanguage\":\"ca\"},{\"@type\":\"Organization\",\"@id\":\"https:\/\/www.gutmar.com\/#organization\",\"name\":\"GUTMAR | Un socio de referencia en ingenier\u00eda y fabricaci\u00f3n mec\u00e1nica de alta precisi\u00f3n\",\"url\":\"https:\/\/www.gutmar.com\/\",\"logo\":{\"@type\":\"ImageObject\",\"inLanguage\":\"ca\",\"@id\":\"https:\/\/www.gutmar.com\/#\/schema\/logo\/image\/\",\"url\":\"https:\/\/www.gutmar.com\/wp-content\/uploads\/2025\/03\/GUTMAR_Logotipo_Isotipo_azul.svg\",\"contentUrl\":\"https:\/\/www.gutmar.com\/wp-content\/uploads\/2025\/03\/GUTMAR_Logotipo_Isotipo_azul.svg\",\"width\":171.25,\"height\":58.23,\"caption\":\"GUTMAR | Un socio de referencia en ingenier\u00eda y fabricaci\u00f3n mec\u00e1nica de alta precisi\u00f3n\"},\"image\":{\"@id\":\"https:\/\/www.gutmar.com\/#\/schema\/logo\/image\/\"}}]}<\/script>\n<!-- \/ Yoast SEO plugin. -->","yoast_head_json":{"title":"Pol\u00edtica de cookies - GUTMAR | Un socio de referencia en ingenier\u00eda y fabricaci\u00f3n mec\u00e1nica de alta precisi\u00f3n","robots":{"index":"index","follow":"follow","max-snippet":"max-snippet:-1","max-image-preview":"max-image-preview:large","max-video-preview":"max-video-preview:-1"},"canonical":"https:\/\/www.gutmar.com\/ca\/politica-de-cookies\/","og_locale":"ca_ES","og_type":"article","og_title":"Pol\u00edtica de cookies - GUTMAR | Un socio de referencia en ingenier\u00eda y fabricaci\u00f3n mec\u00e1nica de alta precisi\u00f3n","og_description":"Pol\u00edtica de cookies Le informamos que, para un correcto funcionamiento de la web, el sistema de navegaci\u00f3n utiliza algunos datos de navegaci\u00f3n (\u201ccookies\u201d) para poder ofrecer un servicio m\u00e1s personalizado a los usuarios de la web. Las cookies son peque\u00f1os archivos de texto que el navegador guarda cuando se navega por p\u00e1ginas web y aplicaciones. [&hellip;]","og_url":"https:\/\/www.gutmar.com\/ca\/politica-de-cookies\/","og_site_name":"GUTMAR | Un socio de referencia en ingenier\u00eda y fabricaci\u00f3n mec\u00e1nica de alta precisi\u00f3n","article_modified_time":"2025-04-14T12:38:10+00:00","twitter_card":"summary_large_image","twitter_misc":{"Temps estimat de lectura":"3 minuts"},"schema":{"@context":"https:\/\/schema.org","@graph":[{"@type":"WebPage","@id":"https:\/\/www.gutmar.com\/politica-de-cookies\/","url":"https:\/\/www.gutmar.com\/politica-de-cookies\/","name":"Pol\u00edtica de cookies - GUTMAR | Un socio de referencia en ingenier\u00eda y fabricaci\u00f3n mec\u00e1nica de alta precisi\u00f3n","isPartOf":{"@id":"https:\/\/www.gutmar.com\/#website"},"datePublished":"2025-04-03T09:48:26+00:00","dateModified":"2025-04-14T12:38:10+00:00","breadcrumb":{"@id":"https:\/\/www.gutmar.com\/politica-de-cookies\/#breadcrumb"},"inLanguage":"ca","potentialAction":[{"@type":"ReadAction","target":["https:\/\/www.gutmar.com\/politica-de-cookies\/"]}]},{"@type":"BreadcrumbList","@id":"https:\/\/www.gutmar.com\/politica-de-cookies\/#breadcrumb","itemListElement":[{"@type":"ListItem","position":1,"name":"Portada","item":"https:\/\/www.gutmar.com\/"},{"@type":"ListItem","position":2,"name":"Pol\u00edtica de cookies"}]},{"@type":"WebSite","@id":"https:\/\/www.gutmar.com\/#website","url":"https:\/\/www.gutmar.com\/","name":"GUTMAR | Un socio de referencia en ingenier\u00eda y fabricaci\u00f3n mec\u00e1nica de alta precisi\u00f3n","description":"Gutmar es una empresa especializada en ingenier\u00eda y fabricaci\u00f3n mec\u00e1nica de precisi\u00f3n para sectores de alto valor a\u00f1adido: aeron\u00e1utica, espacio, defensa y seguridad, y fusi\u00f3n nuclear, entre otros.","publisher":{"@id":"https:\/\/www.gutmar.com\/#organization"},"potentialAction":[{"@type":"SearchAction","target":{"@type":"EntryPoint","urlTemplate":"https:\/\/www.gutmar.com\/?s={search_term_string}"},"query-input":{"@type":"PropertyValueSpecification","valueRequired":true,"valueName":"search_term_string"}}],"inLanguage":"ca"},{"@type":"Organization","@id":"https:\/\/www.gutmar.com\/#organization","name":"GUTMAR | Un socio de referencia en ingenier\u00eda y fabricaci\u00f3n mec\u00e1nica de alta precisi\u00f3n","url":"https:\/\/www.gutmar.com\/","logo":{"@type":"ImageObject","inLanguage":"ca","@id":"https:\/\/www.gutmar.com\/#\/schema\/logo\/image\/","url":"https:\/\/www.gutmar.com\/wp-content\/uploads\/2025\/03\/GUTMAR_Logotipo_Isotipo_azul.svg","contentUrl":"https:\/\/www.gutmar.com\/wp-content\/uploads\/2025\/03\/GUTMAR_Logotipo_Isotipo_azul.svg","width":171.25,"height":58.23,"caption":"GUTMAR | Un socio de referencia en ingenier\u00eda y fabricaci\u00f3n mec\u00e1nica de alta precisi\u00f3n"},"image":{"@id":"https:\/\/www.gutmar.com\/#\/schema\/logo\/image\/"}}]}},"_links":{"self":[{"href":"https:\/\/www.gutmar.com\/ca\/wp-json\/wp\/v2\/pages\/48","targetHints":{"allow":["GET"]}}],"collection":[{"href":"https:\/\/www.gutmar.com\/ca\/wp-json\/wp\/v2\/pages"}],"about":[{"href":"https:\/\/www.gutmar.com\/ca\/wp-json\/wp\/v2\/types\/page"}],"author":[{"embeddable":true,"href":"https:\/\/www.gutmar.com\/ca\/wp-json\/wp\/v2\/users\/1"}],"replies":[{"embeddable":true,"href":"https:\/\/www.gutmar.com\/ca\/wp-json\/wp\/v2\/comments?post=48"}],"version-history":[{"count":7,"href":"https:\/\/www.gutmar.com\/ca\/wp-json\/wp\/v2\/pages\/48\/revisions"}],"predecessor-version":[{"id":2196,"href":"https:\/\/www.gutmar.com\/ca\/wp-json\/wp\/v2\/pages\/48\/revisions\/2196"}],"wp:attachment":[{"href":"https:\/\/www.gutmar.com\/ca\/wp-json\/wp\/v2\/media?parent=48"}],"curies":[{"name":"wp","href":"https:\/\/api.w.org\/{rel}","templated":true}]}}